{"id":14325,"date":"2025-08-28T13:03:11","date_gmt":"2025-08-28T13:03:11","guid":{"rendered":"https:\/\/cccamoffer.com\/shop\/?page_id=14325"},"modified":"2025-08-28T17:29:45","modified_gmt":"2025-08-28T17:29:45","slug":"politica-de-devoluciones","status":"publish","type":"page","link":"https:\/\/cccamoffer.com\/shop\/politica-de-devoluciones\/","title":{"rendered":"Pol\u00edtica de devoluciones"},"content":{"rendered":"\t\t<div data-elementor-type=\"wp-page\" data-elementor-id=\"14325\" class=\"elementor elementor-14325\" data-elementor-post-type=\"page\">\n\t\t\t\t<div class=\"elementor-element elementor-element-3e1b4bc e-grid e-con-boxed e-con e-parent\" data-id=\"3e1b4bc\" data-element_type=\"container\" data-e-type=\"container\" data-settings=\"{&quot;background_background&quot;:&quot;classic&quot;}\">\n\t\t\t\t\t<div class=\"e-con-inner\">\n\t\t\t\t<div class=\"elementor-element elementor-element-7b62f061 elementor-widget elementor-widget-theme-site-logo elementor-widget-image\" data-id=\"7b62f061\" data-element_type=\"widget\" data-e-type=\"widget\" data-widget_type=\"theme-site-logo.default\">\n\t\t\t\t<div class=\"elementor-widget-container\">\n\t\t\t\t\t\t\t\t\t\t\t<a href=\"https:\/\/cccamoffer.com\/shop\">\n\t\t\t<img decoding=\"async\" width=\"200\" height=\"200\" src=\"https:\/\/cccamoffer.com\/shop\/wp-content\/uploads\/2021\/01\/9b664a0d5f6747f196e91a58b20dd9ca-free.png\" class=\"attachment-medium size-medium wp-image-14211\" alt=\"\" srcset=\"https:\/\/cccamoffer.com\/shop\/wp-content\/uploads\/2021\/01\/9b664a0d5f6747f196e91a58b20dd9ca-free.png 200w, https:\/\/cccamoffer.com\/shop\/wp-content\/uploads\/2021\/01\/9b664a0d5f6747f196e91a58b20dd9ca-free-150x150.png 150w, https:\/\/cccamoffer.com\/shop\/wp-content\/uploads\/2021\/01\/9b664a0d5f6747f196e91a58b20dd9ca-free-100x100.png 100w, https:\/\/cccamoffer.com\/shop\/wp-content\/uploads\/2021\/01\/9b664a0d5f6747f196e91a58b20dd9ca-free-54x54.png 54w, https:\/\/cccamoffer.com\/shop\/wp-content\/uploads\/2021\/01\/9b664a0d5f6747f196e91a58b20dd9ca-free-80x80.png 80w\" sizes=\"(max-width: 200px) 100vw, 200px\" \/>\t\t\t\t<\/a>\n\t\t\t\t\t\t\t\t\t\t\t<\/div>\n\t\t\t\t<\/div>\n\t\t\t\t\t<\/div>\n\t\t\t\t<\/div>\n\t\t<div class=\"elementor-element elementor-element-7f6379e8 e-flex e-con-boxed e-con e-parent\" data-id=\"7f6379e8\" data-element_type=\"container\" data-e-type=\"container\">\n\t\t\t\t\t<div class=\"e-con-inner\">\n\t\t\t\t<div class=\"elementor-element elementor-element-48748244 elementor-widget elementor-widget-spacer\" data-id=\"48748244\" data-element_type=\"widget\" data-e-type=\"widget\" data-widget_type=\"spacer.default\">\n\t\t\t\t<div class=\"elementor-widget-container\">\n\t\t\t\t\t\t\t<div class=\"elementor-spacer\">\n\t\t\t<div class=\"elementor-spacer-inner\"><\/div>\n\t\t<\/div>\n\t\t\t\t\t\t<\/div>\n\t\t\t\t<\/div>\n\t\t\t\t\t<\/div>\n\t\t\t\t<\/div>\n\t\t<div class=\"elementor-element elementor-element-6c47dc97 e-flex e-con-boxed e-con e-parent\" data-id=\"6c47dc97\" data-element_type=\"container\" data-e-type=\"container\">\n\t\t\t\t\t<div class=\"e-con-inner\">\n\t\t\t\t<div class=\"elementor-element elementor-element-3fb7caf6 elementor-nav-menu__align-center elementor-nav-menu--dropdown-tablet elementor-nav-menu__text-align-aside elementor-nav-menu--toggle elementor-nav-menu--burger elementor-widget elementor-widget-nav-menu\" data-id=\"3fb7caf6\" data-element_type=\"widget\" data-e-type=\"widget\" data-settings=\"{&quot;layout&quot;:&quot;horizontal&quot;,&quot;submenu_icon&quot;:{&quot;value&quot;:&quot;&lt;svg aria-hidden=\\&quot;true\\&quot; class=\\&quot;e-font-icon-svg e-fas-caret-down\\&quot; viewBox=\\&quot;0 0 320 512\\&quot; xmlns=\\&quot;http:\\\/\\\/www.w3.org\\\/2000\\\/svg\\&quot;&gt;&lt;path d=\\&quot;M31.3 192h257.3c17.8 0 26.7 21.5 14.1 34.1L174.1 354.8c-7.8 7.8-20.5 7.8-28.3 0L17.2 226.1C4.6 213.5 13.5 192 31.3 192z\\&quot;&gt;&lt;\\\/path&gt;&lt;\\\/svg&gt;&quot;,&quot;library&quot;:&quot;fa-solid&quot;},&quot;toggle&quot;:&quot;burger&quot;}\" data-widget_type=\"nav-menu.default\">\n\t\t\t\t<div class=\"elementor-widget-container\">\n\t\t\t\t\t\t\t\t<nav aria-label=\"Menu\" class=\"elementor-nav-menu--main elementor-nav-menu__container elementor-nav-menu--layout-horizontal e--pointer-underline e--animation-fade\">\n\t\t\t\t<ul id=\"menu-1-3fb7caf6\" class=\"elementor-nav-menu\"><li class=\"menu-item menu-item-type-post_type menu-item-object-page menu-item-home menu-item-14393\"><a href=\"https:\/\/cccamoffer.com\/shop\/\" class=\"elementor-item\">Hogar<\/a><\/li>\n<li class=\"menu-item menu-item-type-post_type menu-item-object-page menu-item-14389\"><a href=\"https:\/\/cccamoffer.com\/shop\/condiciones-de-servicio\/\" class=\"elementor-item\">Condiciones de servicio<\/a><\/li>\n<li class=\"menu-item menu-item-type-post_type menu-item-object-page menu-item-14390\"><a href=\"https:\/\/cccamoffer.com\/shop\/politica-de-devoluciones\/\" class=\"elementor-item\">Pol\u00edtica de devoluciones<\/a><\/li>\n<li class=\"menu-item menu-item-type-post_type menu-item-object-page menu-item-14391\"><a href=\"https:\/\/cccamoffer.com\/shop\/politica-de-privacidad-2\/\" class=\"elementor-item\">Pol\u00edtica de Privacidad<\/a><\/li>\n<li class=\"menu-item menu-item-type-post_type menu-item-object-page menu-item-14392\"><a href=\"https:\/\/cccamoffer.com\/shop\/dmca\/\" class=\"elementor-item\">DMCA<\/a><\/li>\n<\/ul>\t\t\t<\/nav>\n\t\t\t\t\t<div class=\"elementor-menu-toggle\" role=\"button\" tabindex=\"0\" aria-label=\"Menu Toggle\" aria-expanded=\"false\">\n\t\t\t<svg aria-hidden=\"true\" role=\"presentation\" class=\"elementor-menu-toggle__icon--open e-font-icon-svg e-eicon-menu-bar\" viewBox=\"0 0 1000 1000\" xmlns=\"http:\/\/www.w3.org\/2000\/svg\"><path d=\"M104 333H896C929 333 958 304 958 271S929 208 896 208H104C71 208 42 237 42 271S71 333 104 333ZM104 583H896C929 583 958 554 958 521S929 458 896 458H104C71 458 42 487 42 521S71 583 104 583ZM104 833H896C929 833 958 804 958 771S929 708 896 708H104C71 708 42 737 42 771S71 833 104 833Z\"><\/path><\/svg><svg aria-hidden=\"true\" role=\"presentation\" class=\"elementor-menu-toggle__icon--close e-font-icon-svg e-eicon-close\" viewBox=\"0 0 1000 1000\" xmlns=\"http:\/\/www.w3.org\/2000\/svg\"><path d=\"M742 167L500 408 258 167C246 154 233 150 217 150 196 150 179 158 167 167 154 179 150 196 150 212 150 229 154 242 171 254L408 500 167 742C138 771 138 800 167 829 196 858 225 858 254 829L496 587 738 829C750 842 767 846 783 846 800 846 817 842 829 829 842 817 846 804 846 783 846 767 842 750 829 737L588 500 833 258C863 229 863 200 833 171 804 137 775 137 742 167Z\"><\/path><\/svg>\t\t<\/div>\n\t\t\t\t\t<nav class=\"elementor-nav-menu--dropdown elementor-nav-menu__container\" aria-hidden=\"true\">\n\t\t\t\t<ul id=\"menu-2-3fb7caf6\" class=\"elementor-nav-menu\"><li class=\"menu-item menu-item-type-post_type menu-item-object-page menu-item-home menu-item-14393\"><a href=\"https:\/\/cccamoffer.com\/shop\/\" class=\"elementor-item\" tabindex=\"-1\">Hogar<\/a><\/li>\n<li class=\"menu-item menu-item-type-post_type menu-item-object-page menu-item-14389\"><a href=\"https:\/\/cccamoffer.com\/shop\/condiciones-de-servicio\/\" class=\"elementor-item\" tabindex=\"-1\">Condiciones de servicio<\/a><\/li>\n<li class=\"menu-item menu-item-type-post_type menu-item-object-page menu-item-14390\"><a href=\"https:\/\/cccamoffer.com\/shop\/politica-de-devoluciones\/\" class=\"elementor-item\" tabindex=\"-1\">Pol\u00edtica de devoluciones<\/a><\/li>\n<li class=\"menu-item menu-item-type-post_type menu-item-object-page menu-item-14391\"><a href=\"https:\/\/cccamoffer.com\/shop\/politica-de-privacidad-2\/\" class=\"elementor-item\" tabindex=\"-1\">Pol\u00edtica de Privacidad<\/a><\/li>\n<li class=\"menu-item menu-item-type-post_type menu-item-object-page menu-item-14392\"><a href=\"https:\/\/cccamoffer.com\/shop\/dmca\/\" class=\"elementor-item\" tabindex=\"-1\">DMCA<\/a><\/li>\n<\/ul>\t\t\t<\/nav>\n\t\t\t\t\t\t<\/div>\n\t\t\t\t<\/div>\n\t\t\t\t\t<\/div>\n\t\t\t\t<\/div>\n\t\t<div class=\"elementor-element elementor-element-342338f3 e-flex e-con-boxed e-con e-parent\" data-id=\"342338f3\" data-element_type=\"container\" data-e-type=\"container\">\n\t\t\t\t\t<div class=\"e-con-inner\">\n\t\t\t\t<div class=\"elementor-element elementor-element-2c316f4f elementor-widget elementor-widget-spacer\" data-id=\"2c316f4f\" data-element_type=\"widget\" data-e-type=\"widget\" data-widget_type=\"spacer.default\">\n\t\t\t\t<div class=\"elementor-widget-container\">\n\t\t\t\t\t\t\t<div class=\"elementor-spacer\">\n\t\t\t<div class=\"elementor-spacer-inner\"><\/div>\n\t\t<\/div>\n\t\t\t\t\t\t<\/div>\n\t\t\t\t<\/div>\n\t\t\t\t\t<\/div>\n\t\t\t\t<\/div>\n\t\t<div class=\"elementor-element elementor-element-17b8e4f4 e-flex e-con-boxed e-con e-parent\" data-id=\"17b8e4f4\" data-element_type=\"container\" data-e-type=\"container\">\n\t\t\t\t\t<div class=\"e-con-inner\">\n\t\t\t\t<div class=\"elementor-element elementor-element-3300ce1e elementor-widget elementor-widget-spacer\" data-id=\"3300ce1e\" data-element_type=\"widget\" data-e-type=\"widget\" data-widget_type=\"spacer.default\">\n\t\t\t\t<div class=\"elementor-widget-container\">\n\t\t\t\t\t\t\t<div class=\"elementor-spacer\">\n\t\t\t<div class=\"elementor-spacer-inner\"><\/div>\n\t\t<\/div>\n\t\t\t\t\t\t<\/div>\n\t\t\t\t<\/div>\n\t\t\t\t\t<\/div>\n\t\t\t\t<\/div>\n\t\t<div class=\"elementor-element elementor-element-40d497f2 e-flex e-con-boxed e-con e-parent\" data-id=\"40d497f2\" data-element_type=\"container\" data-e-type=\"container\">\n\t\t\t\t\t<div class=\"e-con-inner\">\n\t\t\t\t<div class=\"elementor-element elementor-element-29a7389d elementor-widget elementor-widget-spacer\" data-id=\"29a7389d\" data-element_type=\"widget\" data-e-type=\"widget\" data-widget_type=\"spacer.default\">\n\t\t\t\t<div class=\"elementor-widget-container\">\n\t\t\t\t\t\t\t<div class=\"elementor-spacer\">\n\t\t\t<div class=\"elementor-spacer-inner\"><\/div>\n\t\t<\/div>\n\t\t\t\t\t\t<\/div>\n\t\t\t\t<\/div>\n\t\t\t\t\t<\/div>\n\t\t\t\t<\/div>\n\t\t<div class=\"elementor-element elementor-element-284b0d53 e-flex e-con-boxed e-con e-parent\" data-id=\"284b0d53\" data-element_type=\"container\" data-e-type=\"container\">\n\t\t\t\t\t<div class=\"e-con-inner\">\n\t\t\t\t<div class=\"elementor-element elementor-element-13a0dfdc elementor-widget elementor-widget-heading\" data-id=\"13a0dfdc\" data-element_type=\"widget\" data-e-type=\"widget\" data-widget_type=\"heading.default\">\n\t\t\t\t<div class=\"elementor-widget-container\">\n\t\t\t\t\t<h2 class=\"elementor-heading-title elementor-size-default\">Pol\u00edtica de devoluciones<\/h2>\t\t\t\t<\/div>\n\t\t\t\t<\/div>\n\t\t\t\t\t<\/div>\n\t\t\t\t<\/div>\n\t\t<div class=\"elementor-element elementor-element-72976d97 e-flex e-con-boxed e-con e-parent\" data-id=\"72976d97\" data-element_type=\"container\" data-e-type=\"container\">\n\t\t\t\t\t<div class=\"e-con-inner\">\n\t\t\t\t<div class=\"elementor-element elementor-element-7d42e9e6 elementor-widget elementor-widget-spacer\" data-id=\"7d42e9e6\" data-element_type=\"widget\" data-e-type=\"widget\" data-widget_type=\"spacer.default\">\n\t\t\t\t<div class=\"elementor-widget-container\">\n\t\t\t\t\t\t\t<div class=\"elementor-spacer\">\n\t\t\t<div class=\"elementor-spacer-inner\"><\/div>\n\t\t<\/div>\n\t\t\t\t\t\t<\/div>\n\t\t\t\t<\/div>\n\t\t\t\t<div class=\"elementor-element elementor-element-57e8955c elementor-widget elementor-widget-text-editor\" data-id=\"57e8955c\" data-element_type=\"widget\" data-e-type=\"widget\" id=\"privacy\" data-widget_type=\"text-editor.default\">\n\t\t\t\t<div class=\"elementor-widget-container\">\n\t\t\t\t\t\t\t\t\t<h1 data-start=\"982\" data-end=\"1033\">\ud83d\udcdc Pol\u00edtica de Reembolso \u2013 CCCAMOFFER (Espa\u00f1ol)<\/h1><p data-start=\"1035\" data-end=\"1313\">En <strong data-start=\"1038\" data-end=\"1052\">CCCAMOFFER<\/strong>, la satisfacci\u00f3n de nuestros clientes es nuestra prioridad. Por ello, hemos establecido una pol\u00edtica de reembolso clara y transparente para garantizar tu confianza en nuestros servicios de <strong data-start=\"1242\" data-end=\"1310\">renovaci\u00f3n de suscripciones para dispositivos VIARK SAT y Qviart<\/strong>.<\/p><h3 data-start=\"1315\" data-end=\"1356\">1. Garant\u00eda de reembolso en 15 d\u00edas<\/h3><ul data-start=\"1357\" data-end=\"1528\"><li data-start=\"1357\" data-end=\"1528\"><p data-start=\"1359\" data-end=\"1528\">Si no est\u00e1s satisfecho con el servicio por cualquier motivo, puedes solicitar un reembolso dentro de un plazo m\u00e1ximo de <strong data-start=\"1479\" data-end=\"1490\">15 d\u00edas<\/strong> a partir de la fecha de renovaci\u00f3n.<\/p><\/li><\/ul><h3 data-start=\"1530\" data-end=\"1574\">2. Casos no cubiertos por el reembolso<\/h3><ul data-start=\"1575\" data-end=\"1714\"><li data-start=\"1575\" data-end=\"1632\"><p data-start=\"1577\" data-end=\"1632\">Despu\u00e9s de transcurridos 15 d\u00edas desde la renovaci\u00f3n.<\/p><\/li><li data-start=\"1633\" data-end=\"1714\"><p data-start=\"1635\" data-end=\"1714\">Si el servicio fue utilizado en su totalidad o compartido de manera indebida.<\/p><\/li><\/ul><h3 data-start=\"1716\" data-end=\"1752\">3. C\u00f3mo solicitar un reembolso<\/h3><p data-start=\"1753\" data-end=\"1864\">Para beneficiarte de nuestra pol\u00edtica de reembolso, debes contactarnos por correo electr\u00f3nico y proporcionar:<\/p><ul data-start=\"1865\" data-end=\"1980\"><li data-start=\"1865\" data-end=\"1889\"><p data-start=\"1867\" data-end=\"1889\">Comprobante de pago.<\/p><\/li><li data-start=\"1890\" data-end=\"1926\"><p data-start=\"1892\" data-end=\"1926\">N\u00famero de serie del dispositivo.<\/p><\/li><li data-start=\"1927\" data-end=\"1980\"><p data-start=\"1929\" data-end=\"1980\">Una breve explicaci\u00f3n del motivo de la solicitud.<\/p><\/li><\/ul><p data-start=\"1982\" data-end=\"2032\">\ud83d\udce7 <strong data-start=\"1985\" data-end=\"2008\">Correo electr\u00f3nico:<\/strong> <a class=\"decorated-link cursor-pointer\" rel=\"noopener\" data-start=\"2009\" data-end=\"2030\">support@cccamoffer.com<\/a><\/p>\t\t\t\t\t\t\t\t<\/div>\n\t\t\t\t<\/div>\n\t\t\t\t\t<\/div>\n\t\t\t\t<\/div>\n\t\t<div class=\"elementor-element elementor-element-56b4a4e e-flex e-con-boxed e-con e-parent\" data-id=\"56b4a4e\" data-element_type=\"container\" data-e-type=\"container\">\n\t\t\t\t\t<div class=\"e-con-inner\">\n\t\t\t\t<div class=\"elementor-element elementor-element-1c74adba elementor-widget elementor-widget-spacer\" data-id=\"1c74adba\" data-element_type=\"widget\" data-e-type=\"widget\" data-widget_type=\"spacer.default\">\n\t\t\t\t<div class=\"elementor-widget-container\">\n\t\t\t\t\t\t\t<div class=\"elementor-spacer\">\n\t\t\t<div class=\"elementor-spacer-inner\"><\/div>\n\t\t<\/div>\n\t\t\t\t\t\t<\/div>\n\t\t\t\t<\/div>\n\t\t\t\t<div class=\"elementor-element elementor-element-7e78b325 elementor-mobile-align-center elementor-button-success elementor-widget elementor-widget-button\" data-id=\"7e78b325\" data-element_type=\"widget\" data-e-type=\"widget\" data-widget_type=\"button.default\">\n\t\t\t\t<div class=\"elementor-widget-container\">\n\t\t\t\t\t\t\t\t\t<div class=\"elementor-button-wrapper\">\n\t\t\t\t\t<a class=\"elementor-button elementor-button-link elementor-size-sm\" href=\"https:\/\/cccamoffer.com\/shop\/#price\">\n\t\t\t\t\t\t<span class=\"elementor-button-content-wrapper\">\n\t\t\t\t\t\t<span class=\"elementor-button-icon\">\n\t\t\t\t<svg xmlns=\"http:\/\/www.w3.org\/2000\/svg\" id=\"e7693ca5-bf76-42df-999c-dbc3066cda9e\" data-name=\"Layer 1\" width=\"21.3525\" height=\"10.7197\" viewBox=\"0 0 21.3525 10.7197\"><polygon points=\"21 5.229 21.343 4.865 16.165 0 15.479 0.729 19.737 4.729 0 4.729 0 5.729 19.786 5.729 15.47 10.009 16.175 10.72 21.353 5.584 21 5.229\"><\/polygon><\/svg>\t\t\t<\/span>\n\t\t\t\t\t\t\t\t\t<span class=\"elementor-button-text\">Get Started<\/span>\n\t\t\t\t\t<\/span>\n\t\t\t\t\t<\/a>\n\t\t\t\t<\/div>\n\t\t\t\t\t\t\t\t<\/div>\n\t\t\t\t<\/div>\n\t\t\t\t\t<\/div>\n\t\t\t\t<\/div>\n\t\t<div class=\"elementor-element elementor-element-4fb82adc e-flex e-con-boxed e-con e-parent\" data-id=\"4fb82adc\" data-element_type=\"container\" data-e-type=\"container\">\n\t\t\t\t\t<div class=\"e-con-inner\">\n\t\t\t\t<div class=\"elementor-element elementor-element-753be7b1 elementor-widget elementor-widget-spacer\" data-id=\"753be7b1\" data-element_type=\"widget\" data-e-type=\"widget\" data-widget_type=\"spacer.default\">\n\t\t\t\t<div class=\"elementor-widget-container\">\n\t\t\t\t\t\t\t<div class=\"elementor-spacer\">\n\t\t\t<div class=\"elementor-spacer-inner\"><\/div>\n\t\t<\/div>\n\t\t\t\t\t\t<\/div>\n\t\t\t\t<\/div>\n\t\t\t\t\t<\/div>\n\t\t\t\t<\/div>\n\t\t<div class=\"elementor-element elementor-element-e0b1141 e-con-full e-flex e-con e-parent\" data-id=\"e0b1141\" data-element_type=\"container\" data-e-type=\"container\" data-settings=\"{&quot;background_background&quot;:&quot;classic&quot;}\">\n\t\t\t\t<div class=\"elementor-element elementor-element-1e3a8456 elementor-widget__width-auto elementor-widget elementor-widget-heading\" data-id=\"1e3a8456\" data-element_type=\"widget\" data-e-type=\"widget\" data-widget_type=\"heading.default\">\n\t\t\t\t<div class=\"elementor-widget-container\">\n\t\t\t\t\t<p class=\"elementor-heading-title elementor-size-default\">BOXIPTV\u00a9 2021 All Rights Reserved.<\/p>\t\t\t\t<\/div>\n\t\t\t\t<\/div>\n\t\t\t\t<div class=\"elementor-element elementor-element-438c1991 elementor-nav-menu__align-center elementor-nav-menu--dropdown-tablet elementor-nav-menu__text-align-aside elementor-nav-menu--toggle elementor-nav-menu--burger elementor-widget elementor-widget-nav-menu\" data-id=\"438c1991\" data-element_type=\"widget\" data-e-type=\"widget\" data-settings=\"{&quot;layout&quot;:&quot;horizontal&quot;,&quot;submenu_icon&quot;:{&quot;value&quot;:&quot;&lt;svg aria-hidden=\\&quot;true\\&quot; class=\\&quot;e-font-icon-svg e-fas-caret-down\\&quot; viewBox=\\&quot;0 0 320 512\\&quot; xmlns=\\&quot;http:\\\/\\\/www.w3.org\\\/2000\\\/svg\\&quot;&gt;&lt;path d=\\&quot;M31.3 192h257.3c17.8 0 26.7 21.5 14.1 34.1L174.1 354.8c-7.8 7.8-20.5 7.8-28.3 0L17.2 226.1C4.6 213.5 13.5 192 31.3 192z\\&quot;&gt;&lt;\\\/path&gt;&lt;\\\/svg&gt;&quot;,&quot;library&quot;:&quot;fa-solid&quot;},&quot;toggle&quot;:&quot;burger&quot;}\" data-widget_type=\"nav-menu.default\">\n\t\t\t\t<div class=\"elementor-widget-container\">\n\t\t\t\t\t\t\t\t<nav aria-label=\"Menu\" class=\"elementor-nav-menu--main elementor-nav-menu__container elementor-nav-menu--layout-horizontal e--pointer-underline e--animation-fade\">\n\t\t\t\t<ul id=\"menu-1-438c1991\" class=\"elementor-nav-menu\"><li class=\"menu-item menu-item-type-post_type menu-item-object-page menu-item-home menu-item-14393\"><a href=\"https:\/\/cccamoffer.com\/shop\/\" class=\"elementor-item\">Hogar<\/a><\/li>\n<li class=\"menu-item menu-item-type-post_type menu-item-object-page menu-item-14389\"><a href=\"https:\/\/cccamoffer.com\/shop\/condiciones-de-servicio\/\" class=\"elementor-item\">Condiciones de servicio<\/a><\/li>\n<li class=\"menu-item menu-item-type-post_type menu-item-object-page menu-item-14390\"><a href=\"https:\/\/cccamoffer.com\/shop\/politica-de-devoluciones\/\" class=\"elementor-item\">Pol\u00edtica de devoluciones<\/a><\/li>\n<li class=\"menu-item menu-item-type-post_type menu-item-object-page menu-item-14391\"><a href=\"https:\/\/cccamoffer.com\/shop\/politica-de-privacidad-2\/\" class=\"elementor-item\">Pol\u00edtica de Privacidad<\/a><\/li>\n<li class=\"menu-item menu-item-type-post_type menu-item-object-page menu-item-14392\"><a href=\"https:\/\/cccamoffer.com\/shop\/dmca\/\" class=\"elementor-item\">DMCA<\/a><\/li>\n<\/ul>\t\t\t<\/nav>\n\t\t\t\t\t<div class=\"elementor-menu-toggle\" role=\"button\" tabindex=\"0\" aria-label=\"Menu Toggle\" aria-expanded=\"false\">\n\t\t\t<svg aria-hidden=\"true\" role=\"presentation\" class=\"elementor-menu-toggle__icon--open e-font-icon-svg e-eicon-menu-bar\" viewBox=\"0 0 1000 1000\" xmlns=\"http:\/\/www.w3.org\/2000\/svg\"><path d=\"M104 333H896C929 333 958 304 958 271S929 208 896 208H104C71 208 42 237 42 271S71 333 104 333ZM104 583H896C929 583 958 554 958 521S929 458 896 458H104C71 458 42 487 42 521S71 583 104 583ZM104 833H896C929 833 958 804 958 771S929 708 896 708H104C71 708 42 737 42 771S71 833 104 833Z\"><\/path><\/svg><svg aria-hidden=\"true\" role=\"presentation\" class=\"elementor-menu-toggle__icon--close e-font-icon-svg e-eicon-close\" viewBox=\"0 0 1000 1000\" xmlns=\"http:\/\/www.w3.org\/2000\/svg\"><path d=\"M742 167L500 408 258 167C246 154 233 150 217 150 196 150 179 158 167 167 154 179 150 196 150 212 150 229 154 242 171 254L408 500 167 742C138 771 138 800 167 829 196 858 225 858 254 829L496 587 738 829C750 842 767 846 783 846 800 846 817 842 829 829 842 817 846 804 846 783 846 767 842 750 829 737L588 500 833 258C863 229 863 200 833 171 804 137 775 137 742 167Z\"><\/path><\/svg>\t\t<\/div>\n\t\t\t\t\t<nav class=\"elementor-nav-menu--dropdown elementor-nav-menu__container\" aria-hidden=\"true\">\n\t\t\t\t<ul id=\"menu-2-438c1991\" class=\"elementor-nav-menu\"><li class=\"menu-item menu-item-type-post_type menu-item-object-page menu-item-home menu-item-14393\"><a href=\"https:\/\/cccamoffer.com\/shop\/\" class=\"elementor-item\" tabindex=\"-1\">Hogar<\/a><\/li>\n<li class=\"menu-item menu-item-type-post_type menu-item-object-page menu-item-14389\"><a href=\"https:\/\/cccamoffer.com\/shop\/condiciones-de-servicio\/\" class=\"elementor-item\" tabindex=\"-1\">Condiciones de servicio<\/a><\/li>\n<li class=\"menu-item menu-item-type-post_type menu-item-object-page menu-item-14390\"><a href=\"https:\/\/cccamoffer.com\/shop\/politica-de-devoluciones\/\" class=\"elementor-item\" tabindex=\"-1\">Pol\u00edtica de devoluciones<\/a><\/li>\n<li class=\"menu-item menu-item-type-post_type menu-item-object-page menu-item-14391\"><a href=\"https:\/\/cccamoffer.com\/shop\/politica-de-privacidad-2\/\" class=\"elementor-item\" tabindex=\"-1\">Pol\u00edtica de Privacidad<\/a><\/li>\n<li class=\"menu-item menu-item-type-post_type menu-item-object-page menu-item-14392\"><a href=\"https:\/\/cccamoffer.com\/shop\/dmca\/\" class=\"elementor-item\" tabindex=\"-1\">DMCA<\/a><\/li>\n<\/ul>\t\t\t<\/nav>\n\t\t\t\t\t\t<\/div>\n\t\t\t\t<\/div>\n\t\t\t\t<div class=\"elementor-element elementor-element-7925089c elementor-widget__width-auto elementor-shape-circle elementor-grid-0 e-grid-align-center elementor-widget elementor-widget-social-icons\" data-id=\"7925089c\" data-element_type=\"widget\" data-e-type=\"widget\" data-widget_type=\"social-icons.default\">\n\t\t\t\t<div class=\"elementor-widget-container\">\n\t\t\t\t\t\t\t<div class=\"elementor-social-icons-wrapper elementor-grid\">\n\t\t\t\t\t\t\t<span class=\"elementor-grid-item\">\n\t\t\t\t\t<a class=\"elementor-icon elementor-social-icon elementor-social-icon-whatsapp elementor-animation-float elementor-repeater-item-37a6fde\" href=\"https:\/\/api.whatsapp.com\/send\/?phone=447473364677&#038;text=hello&#038;type=phone_number&#038;app_absent=0\" target=\"_blank\">\n\t\t\t\t\t\t<span class=\"elementor-screen-only\">Whatsapp<\/span>\n\t\t\t\t\t\t<svg aria-hidden=\"true\" class=\"e-font-icon-svg e-fab-whatsapp\" viewBox=\"0 0 448 512\" xmlns=\"http:\/\/www.w3.org\/2000\/svg\"><path d=\"M380.9 97.1C339 55.1 283.2 32 223.9 32c-122.4 0-222 99.6-222 222 0 39.1 10.2 77.3 29.6 111L0 480l117.7-30.9c32.4 17.7 68.9 27 106.1 27h.1c122.3 0 224.1-99.6 224.1-222 0-59.3-25.2-115-67.1-157zm-157 341.6c-33.2 0-65.7-8.9-94-25.7l-6.7-4-69.8 18.3L72 359.2l-4.4-7c-18.5-29.4-28.2-63.3-28.2-98.2 0-101.7 82.8-184.5 184.6-184.5 49.3 0 95.6 19.2 130.4 54.1 34.8 34.9 56.2 81.2 56.1 130.5 0 101.8-84.9 184.6-186.6 184.6zm101.2-138.2c-5.5-2.8-32.8-16.2-37.9-18-5.1-1.9-8.8-2.8-12.5 2.8-3.7 5.6-14.3 18-17.6 21.8-3.2 3.7-6.5 4.2-12 1.4-32.6-16.3-54-29.1-75.5-66-5.7-9.8 5.7-9.1 16.3-30.3 1.8-3.7.9-6.9-.5-9.7-1.4-2.8-12.5-30.1-17.1-41.2-4.5-10.8-9.1-9.3-12.5-9.5-3.2-.2-6.9-.2-10.6-.2-3.7 0-9.7 1.4-14.8 6.9-5.1 5.6-19.4 19-19.4 46.3 0 27.3 19.9 53.7 22.6 57.4 2.8 3.7 39.1 59.7 94.8 83.8 35.2 15.2 49 16.5 66.6 13.9 10.7-1.6 32.8-13.4 37.4-26.4 4.6-13 4.6-24.1 3.2-26.4-1.3-2.5-5-3.9-10.5-6.6z\"><\/path><\/svg>\t\t\t\t\t<\/a>\n\t\t\t\t<\/span>\n\t\t\t\t\t<\/div>\n\t\t\t\t\t\t<\/div>\n\t\t\t\t<\/div>\n\t\t\t\t<\/div>\n\t\t\t\t<\/div>\n\t\t","protected":false},"excerpt":{"rendered":"<p>Pol\u00edtica de devoluciones \ud83d\udcdc Pol\u00edtica de Reembolso \u2013 CCCAMOFFER (Espa\u00f1ol) En CCCAMOFFER, la satisfacci\u00f3n de nuestros clientes es nuestra prioridad. Por ello, hemos establecido una pol\u00edtica de reembolso clara y transparente para garantizar tu confianza en nuestros servicios de renovaci\u00f3n de suscripciones para dispositivos VIARK SAT y Qviart. 1. Garant\u00eda de reembolso en 15 d\u00edas [&hellip;]<\/p>\n","protected":false},"author":1,"featured_media":0,"parent":0,"menu_order":0,"comment_status":"closed","ping_status":"closed","template":"","meta":{"footnotes":""},"class_list":["post-14325","page","type-page","status-publish","hentry"],"_links":{"self":[{"href":"https:\/\/cccamoffer.com\/shop\/wp-json\/wp\/v2\/pages\/14325","targetHints":{"allow":["GET"]}}],"collection":[{"href":"https:\/\/cccamoffer.com\/shop\/wp-json\/wp\/v2\/pages"}],"about":[{"href":"https:\/\/cccamoffer.com\/shop\/wp-json\/wp\/v2\/types\/page"}],"author":[{"embeddable":true,"href":"https:\/\/cccamoffer.com\/shop\/wp-json\/wp\/v2\/users\/1"}],"replies":[{"embeddable":true,"href":"https:\/\/cccamoffer.com\/shop\/wp-json\/wp\/v2\/comments?post=14325"}],"version-history":[{"count":10,"href":"https:\/\/cccamoffer.com\/shop\/wp-json\/wp\/v2\/pages\/14325\/revisions"}],"predecessor-version":[{"id":14487,"href":"https:\/\/cccamoffer.com\/shop\/wp-json\/wp\/v2\/pages\/14325\/revisions\/14487"}],"wp:attachment":[{"href":"https:\/\/cccamoffer.com\/shop\/wp-json\/wp\/v2\/media?parent=14325"}],"curies":[{"name":"wp","href":"https:\/\/api.w.org\/{rel}","templated":true}]}}