{"id":14331,"date":"2025-08-28T13:06:40","date_gmt":"2025-08-28T13:06:40","guid":{"rendered":"https:\/\/cccamoffer.com\/shop\/?page_id=14331"},"modified":"2025-08-28T17:29:06","modified_gmt":"2025-08-28T17:29:06","slug":"condiciones-de-servicio","status":"publish","type":"page","link":"https:\/\/cccamoffer.com\/shop\/condiciones-de-servicio\/","title":{"rendered":"Condiciones de servicio"},"content":{"rendered":"\t\t<div data-elementor-type=\"wp-page\" data-elementor-id=\"14331\" class=\"elementor elementor-14331\" data-elementor-post-type=\"page\">\n\t\t\t\t<div class=\"elementor-element elementor-element-4c958ed3 e-grid e-con-boxed e-con e-parent\" data-id=\"4c958ed3\" data-element_type=\"container\" data-e-type=\"container\" data-settings=\"{&quot;background_background&quot;:&quot;classic&quot;}\">\n\t\t\t\t\t<div class=\"e-con-inner\">\n\t\t\t\t<div class=\"elementor-element elementor-element-3d64304f elementor-widget elementor-widget-theme-site-logo elementor-widget-image\" data-id=\"3d64304f\" data-element_type=\"widget\" data-e-type=\"widget\" data-widget_type=\"theme-site-logo.default\">\n\t\t\t\t<div class=\"elementor-widget-container\">\n\t\t\t\t\t\t\t\t\t\t\t<a href=\"https:\/\/cccamoffer.com\/shop\/\">\n\t\t\t<img decoding=\"async\" width=\"200\" height=\"200\" src=\"https:\/\/cccamoffer.com\/shop\/wp-content\/uploads\/2021\/01\/9b664a0d5f6747f196e91a58b20dd9ca-free.png\" class=\"attachment-medium size-medium wp-image-14211\" alt=\"\" srcset=\"https:\/\/cccamoffer.com\/shop\/wp-content\/uploads\/2021\/01\/9b664a0d5f6747f196e91a58b20dd9ca-free.png 200w, https:\/\/cccamoffer.com\/shop\/wp-content\/uploads\/2021\/01\/9b664a0d5f6747f196e91a58b20dd9ca-free-150x150.png 150w, https:\/\/cccamoffer.com\/shop\/wp-content\/uploads\/2021\/01\/9b664a0d5f6747f196e91a58b20dd9ca-free-100x100.png 100w, https:\/\/cccamoffer.com\/shop\/wp-content\/uploads\/2021\/01\/9b664a0d5f6747f196e91a58b20dd9ca-free-54x54.png 54w, https:\/\/cccamoffer.com\/shop\/wp-content\/uploads\/2021\/01\/9b664a0d5f6747f196e91a58b20dd9ca-free-80x80.png 80w\" sizes=\"(max-width: 200px) 100vw, 200px\" \/>\t\t\t\t<\/a>\n\t\t\t\t\t\t\t\t\t\t\t<\/div>\n\t\t\t\t<\/div>\n\t\t\t\t\t<\/div>\n\t\t\t\t<\/div>\n\t\t<div class=\"elementor-element elementor-element-7bc0b241 e-flex e-con-boxed e-con e-parent\" data-id=\"7bc0b241\" data-element_type=\"container\" data-e-type=\"container\">\n\t\t\t\t\t<div class=\"e-con-inner\">\n\t\t\t\t<div class=\"elementor-element elementor-element-13994cb9 elementor-widget elementor-widget-spacer\" data-id=\"13994cb9\" data-element_type=\"widget\" data-e-type=\"widget\" data-widget_type=\"spacer.default\">\n\t\t\t\t<div class=\"elementor-widget-container\">\n\t\t\t\t\t\t\t<div class=\"elementor-spacer\">\n\t\t\t<div class=\"elementor-spacer-inner\"><\/div>\n\t\t<\/div>\n\t\t\t\t\t\t<\/div>\n\t\t\t\t<\/div>\n\t\t\t\t\t<\/div>\n\t\t\t\t<\/div>\n\t\t<div class=\"elementor-element elementor-element-70980673 e-flex e-con-boxed e-con e-parent\" data-id=\"70980673\" data-element_type=\"container\" data-e-type=\"container\">\n\t\t\t\t\t<div class=\"e-con-inner\">\n\t\t\t\t<div class=\"elementor-element elementor-element-5f70721e elementor-nav-menu__align-center elementor-nav-menu--dropdown-tablet elementor-nav-menu__text-align-aside elementor-nav-menu--toggle elementor-nav-menu--burger elementor-widget elementor-widget-nav-menu\" data-id=\"5f70721e\" data-element_type=\"widget\" data-e-type=\"widget\" data-settings=\"{&quot;layout&quot;:&quot;horizontal&quot;,&quot;submenu_icon&quot;:{&quot;value&quot;:&quot;&lt;svg aria-hidden=\\&quot;true\\&quot; class=\\&quot;e-font-icon-svg e-fas-caret-down\\&quot; viewBox=\\&quot;0 0 320 512\\&quot; xmlns=\\&quot;http:\\\/\\\/www.w3.org\\\/2000\\\/svg\\&quot;&gt;&lt;path d=\\&quot;M31.3 192h257.3c17.8 0 26.7 21.5 14.1 34.1L174.1 354.8c-7.8 7.8-20.5 7.8-28.3 0L17.2 226.1C4.6 213.5 13.5 192 31.3 192z\\&quot;&gt;&lt;\\\/path&gt;&lt;\\\/svg&gt;&quot;,&quot;library&quot;:&quot;fa-solid&quot;},&quot;toggle&quot;:&quot;burger&quot;}\" data-widget_type=\"nav-menu.default\">\n\t\t\t\t<div class=\"elementor-widget-container\">\n\t\t\t\t\t\t\t\t<nav aria-label=\"Menu\" class=\"elementor-nav-menu--main elementor-nav-menu__container elementor-nav-menu--layout-horizontal e--pointer-underline e--animation-fade\">\n\t\t\t\t<ul id=\"menu-1-5f70721e\" class=\"elementor-nav-menu\"><li class=\"menu-item menu-item-type-taxonomy menu-item-object-product_cat menu-item-7675\"><a href=\"https:\/\/cccamoffer.com\/shop\/product-category\/satellite-receivers\/\" class=\"elementor-item\">SATELLITE RECEIVERS<\/a><\/li>\n<li class=\"menu-item menu-item-type-taxonomy menu-item-object-product_cat menu-item-7724\"><a href=\"https:\/\/cccamoffer.com\/shop\/product-category\/digital-products\/\" class=\"elementor-item\">DIGITAL PRODUCTS<\/a><\/li>\n<li class=\"menu-item menu-item-type-taxonomy menu-item-object-product_cat menu-item-7678\"><a href=\"https:\/\/cccamoffer.com\/shop\/product-category\/android-boxes\/\" class=\"elementor-item\">ANDROID BOXES<\/a><\/li>\n<li class=\"menu-item menu-item-type-taxonomy menu-item-object-product_cat menu-item-7679\"><a href=\"https:\/\/cccamoffer.com\/shop\/product-category\/diseqc-motors\/\" class=\"elementor-item\">DiSEqC MOTORS<\/a><\/li>\n<li class=\"menu-item menu-item-type-taxonomy menu-item-object-product_cat menu-item-7680\"><a href=\"https:\/\/cccamoffer.com\/shop\/product-category\/diseqc-switch\/\" class=\"elementor-item\">DiSEqC SWITCH<\/a><\/li>\n<li class=\"menu-item menu-item-type-taxonomy menu-item-object-product_cat menu-item-13713\"><a href=\"https:\/\/cccamoffer.com\/shop\/product-category\/carplay\/\" class=\"elementor-item\">CarPlay<\/a><\/li>\n<\/ul>\t\t\t<\/nav>\n\t\t\t\t\t<div class=\"elementor-menu-toggle\" role=\"button\" tabindex=\"0\" aria-label=\"Menu Toggle\" aria-expanded=\"false\">\n\t\t\t<svg aria-hidden=\"true\" role=\"presentation\" class=\"elementor-menu-toggle__icon--open e-font-icon-svg e-eicon-menu-bar\" viewBox=\"0 0 1000 1000\" xmlns=\"http:\/\/www.w3.org\/2000\/svg\"><path d=\"M104 333H896C929 333 958 304 958 271S929 208 896 208H104C71 208 42 237 42 271S71 333 104 333ZM104 583H896C929 583 958 554 958 521S929 458 896 458H104C71 458 42 487 42 521S71 583 104 583ZM104 833H896C929 833 958 804 958 771S929 708 896 708H104C71 708 42 737 42 771S71 833 104 833Z\"><\/path><\/svg><svg aria-hidden=\"true\" role=\"presentation\" class=\"elementor-menu-toggle__icon--close e-font-icon-svg e-eicon-close\" viewBox=\"0 0 1000 1000\" xmlns=\"http:\/\/www.w3.org\/2000\/svg\"><path d=\"M742 167L500 408 258 167C246 154 233 150 217 150 196 150 179 158 167 167 154 179 150 196 150 212 150 229 154 242 171 254L408 500 167 742C138 771 138 800 167 829 196 858 225 858 254 829L496 587 738 829C750 842 767 846 783 846 800 846 817 842 829 829 842 817 846 804 846 783 846 767 842 750 829 737L588 500 833 258C863 229 863 200 833 171 804 137 775 137 742 167Z\"><\/path><\/svg>\t\t<\/div>\n\t\t\t\t\t<nav class=\"elementor-nav-menu--dropdown elementor-nav-menu__container\" aria-hidden=\"true\">\n\t\t\t\t<ul id=\"menu-2-5f70721e\" class=\"elementor-nav-menu\"><li class=\"menu-item menu-item-type-taxonomy menu-item-object-product_cat menu-item-7675\"><a href=\"https:\/\/cccamoffer.com\/shop\/product-category\/satellite-receivers\/\" class=\"elementor-item\" tabindex=\"-1\">SATELLITE RECEIVERS<\/a><\/li>\n<li class=\"menu-item menu-item-type-taxonomy menu-item-object-product_cat menu-item-7724\"><a href=\"https:\/\/cccamoffer.com\/shop\/product-category\/digital-products\/\" class=\"elementor-item\" tabindex=\"-1\">DIGITAL PRODUCTS<\/a><\/li>\n<li class=\"menu-item menu-item-type-taxonomy menu-item-object-product_cat menu-item-7678\"><a href=\"https:\/\/cccamoffer.com\/shop\/product-category\/android-boxes\/\" class=\"elementor-item\" tabindex=\"-1\">ANDROID BOXES<\/a><\/li>\n<li class=\"menu-item menu-item-type-taxonomy menu-item-object-product_cat menu-item-7679\"><a href=\"https:\/\/cccamoffer.com\/shop\/product-category\/diseqc-motors\/\" class=\"elementor-item\" tabindex=\"-1\">DiSEqC MOTORS<\/a><\/li>\n<li class=\"menu-item menu-item-type-taxonomy menu-item-object-product_cat menu-item-7680\"><a href=\"https:\/\/cccamoffer.com\/shop\/product-category\/diseqc-switch\/\" class=\"elementor-item\" tabindex=\"-1\">DiSEqC SWITCH<\/a><\/li>\n<li class=\"menu-item menu-item-type-taxonomy menu-item-object-product_cat menu-item-13713\"><a href=\"https:\/\/cccamoffer.com\/shop\/product-category\/carplay\/\" class=\"elementor-item\" tabindex=\"-1\">CarPlay<\/a><\/li>\n<\/ul>\t\t\t<\/nav>\n\t\t\t\t\t\t<\/div>\n\t\t\t\t<\/div>\n\t\t\t\t\t<\/div>\n\t\t\t\t<\/div>\n\t\t<div class=\"elementor-element elementor-element-4fa8096d e-flex e-con-boxed e-con e-parent\" data-id=\"4fa8096d\" data-element_type=\"container\" data-e-type=\"container\">\n\t\t\t\t\t<div class=\"e-con-inner\">\n\t\t\t\t<div class=\"elementor-element elementor-element-6d77a291 elementor-widget elementor-widget-spacer\" data-id=\"6d77a291\" data-element_type=\"widget\" data-e-type=\"widget\" data-widget_type=\"spacer.default\">\n\t\t\t\t<div class=\"elementor-widget-container\">\n\t\t\t\t\t\t\t<div class=\"elementor-spacer\">\n\t\t\t<div class=\"elementor-spacer-inner\"><\/div>\n\t\t<\/div>\n\t\t\t\t\t\t<\/div>\n\t\t\t\t<\/div>\n\t\t\t\t\t<\/div>\n\t\t\t\t<\/div>\n\t\t<div class=\"elementor-element elementor-element-31929e9e e-flex e-con-boxed e-con e-parent\" data-id=\"31929e9e\" data-element_type=\"container\" data-e-type=\"container\">\n\t\t\t\t\t<div class=\"e-con-inner\">\n\t\t\t\t<div class=\"elementor-element elementor-element-c4829eb elementor-widget elementor-widget-spacer\" data-id=\"c4829eb\" data-element_type=\"widget\" data-e-type=\"widget\" data-widget_type=\"spacer.default\">\n\t\t\t\t<div class=\"elementor-widget-container\">\n\t\t\t\t\t\t\t<div class=\"elementor-spacer\">\n\t\t\t<div class=\"elementor-spacer-inner\"><\/div>\n\t\t<\/div>\n\t\t\t\t\t\t<\/div>\n\t\t\t\t<\/div>\n\t\t\t\t\t<\/div>\n\t\t\t\t<\/div>\n\t\t<div class=\"elementor-element elementor-element-62251399 e-flex e-con-boxed e-con e-parent\" data-id=\"62251399\" data-element_type=\"container\" data-e-type=\"container\">\n\t\t\t\t\t<div class=\"e-con-inner\">\n\t\t\t\t<div class=\"elementor-element elementor-element-4de16db9 elementor-widget elementor-widget-spacer\" data-id=\"4de16db9\" data-element_type=\"widget\" data-e-type=\"widget\" data-widget_type=\"spacer.default\">\n\t\t\t\t<div class=\"elementor-widget-container\">\n\t\t\t\t\t\t\t<div class=\"elementor-spacer\">\n\t\t\t<div class=\"elementor-spacer-inner\"><\/div>\n\t\t<\/div>\n\t\t\t\t\t\t<\/div>\n\t\t\t\t<\/div>\n\t\t\t\t\t<\/div>\n\t\t\t\t<\/div>\n\t\t<div class=\"elementor-element elementor-element-ed7684a e-flex e-con-boxed e-con e-parent\" data-id=\"ed7684a\" data-element_type=\"container\" data-e-type=\"container\">\n\t\t\t\t\t<div class=\"e-con-inner\">\n\t\t\t\t<div class=\"elementor-element elementor-element-4f6fd63 elementor-widget elementor-widget-heading\" data-id=\"4f6fd63\" data-element_type=\"widget\" data-e-type=\"widget\" data-widget_type=\"heading.default\">\n\t\t\t\t<div class=\"elementor-widget-container\">\n\t\t\t\t\t<h2 class=\"elementor-heading-title elementor-size-default\">Condiciones de servicio<\/h2>\t\t\t\t<\/div>\n\t\t\t\t<\/div>\n\t\t\t\t\t<\/div>\n\t\t\t\t<\/div>\n\t\t<div class=\"elementor-element elementor-element-4ad40591 e-flex e-con-boxed e-con e-parent\" data-id=\"4ad40591\" data-element_type=\"container\" data-e-type=\"container\">\n\t\t\t\t\t<div class=\"e-con-inner\">\n\t\t\t\t<div class=\"elementor-element elementor-element-7ef7b12 elementor-widget elementor-widget-spacer\" data-id=\"7ef7b12\" data-element_type=\"widget\" data-e-type=\"widget\" data-widget_type=\"spacer.default\">\n\t\t\t\t<div class=\"elementor-widget-container\">\n\t\t\t\t\t\t\t<div class=\"elementor-spacer\">\n\t\t\t<div class=\"elementor-spacer-inner\"><\/div>\n\t\t<\/div>\n\t\t\t\t\t\t<\/div>\n\t\t\t\t<\/div>\n\t\t\t\t<div class=\"elementor-element elementor-element-42e00778 elementor-widget elementor-widget-text-editor\" data-id=\"42e00778\" data-element_type=\"widget\" data-e-type=\"widget\" id=\"privacy\" data-widget_type=\"text-editor.default\">\n\t\t\t\t<div class=\"elementor-widget-container\">\n\t\t\t\t\t\t\t\t\t<h1 data-start=\"1317\" data-end=\"1367\">\ud83d\udcdc T\u00e9rminos de Servicio \u2013 CCCAMOFFER\u00a0<\/h1><p data-start=\"1369\" data-end=\"1540\">Al utilizar el sitio web de <strong data-start=\"1397\" data-end=\"1411\">CCCAMOFFER<\/strong> y nuestros servicios de <strong data-start=\"1436\" data-end=\"1504\">renovaci\u00f3n de suscripciones para dispositivos VIARK SAT y Qviart<\/strong>, aceptas los siguientes t\u00e9rminos:<\/p><h3 data-start=\"1542\" data-end=\"1571\">1. Alcance del servicio<\/h3><ul data-start=\"1572\" data-end=\"1799\"><li data-start=\"1572\" data-end=\"1705\"><p data-start=\"1574\" data-end=\"1705\">Nuestros servicios se limitan exclusivamente a la <strong data-start=\"1624\" data-end=\"1655\">renovaci\u00f3n de suscripciones<\/strong>, no ofrecemos contenido ni transmisi\u00f3n directa.<\/p><\/li><li data-start=\"1706\" data-end=\"1799\"><p data-start=\"1708\" data-end=\"1799\">El cliente es responsable de proporcionarnos el n\u00famero de serie correcto del dispositivo.<\/p><\/li><\/ul><h3 data-start=\"1801\" data-end=\"1827\">2. Pago y renovaci\u00f3n<\/h3><ul data-start=\"1828\" data-end=\"1965\"><li data-start=\"1828\" data-end=\"1884\"><p data-start=\"1830\" data-end=\"1884\">La suscripci\u00f3n se activa una vez confirmado el pago.<\/p><\/li><li data-start=\"1885\" data-end=\"1965\"><p data-start=\"1887\" data-end=\"1965\">Todos los pagos son seguros y no almacenamos datos de pago en nuestro sitio.<\/p><\/li><\/ul><h3 data-start=\"1967\" data-end=\"1997\">3. Pol\u00edtica de reembolso<\/h3><ul data-start=\"1998\" data-end=\"2209\"><li data-start=\"1998\" data-end=\"2116\"><p data-start=\"2000\" data-end=\"2116\">Ofrecemos reembolso si el cliente no est\u00e1 satisfecho dentro de un plazo m\u00e1ximo de <strong data-start=\"2082\" data-end=\"2093\">15 d\u00edas<\/strong> desde la renovaci\u00f3n.<\/p><\/li><li data-start=\"2117\" data-end=\"2209\"><p data-start=\"2119\" data-end=\"2209\">No se aceptan reembolsos despu\u00e9s de este per\u00edodo o en caso de uso indebido del servicio.<\/p><\/li><\/ul><h3 data-start=\"2211\" data-end=\"2247\">4. Responsabilidad del cliente<\/h3><ul data-start=\"2248\" data-end=\"2417\"><li data-start=\"2248\" data-end=\"2324\"><p data-start=\"2250\" data-end=\"2324\">El cliente es responsable de usar el servicio de forma legal y personal.<\/p><\/li><li data-start=\"2325\" data-end=\"2417\"><p data-start=\"2327\" data-end=\"2417\">Est\u00e1 prohibido compartir los datos de suscripci\u00f3n o revenderlos sin autorizaci\u00f3n previa.<\/p><\/li><\/ul><h3 data-start=\"2419\" data-end=\"2457\">5. Limitaci\u00f3n de responsabilidad<\/h3><ul data-start=\"2458\" data-end=\"2643\"><li data-start=\"2458\" data-end=\"2561\"><p data-start=\"2460\" data-end=\"2561\"><strong data-start=\"2460\" data-end=\"2474\">CCCAMOFFER<\/strong> no se hace responsable de interrupciones o fallos causados por proveedores externos.<\/p><\/li><li data-start=\"2562\" data-end=\"2643\"><p data-start=\"2564\" data-end=\"2643\">Solo actuamos como intermediario t\u00e9cnico para la renovaci\u00f3n de suscripciones.<\/p><\/li><\/ul><h3 data-start=\"2645\" data-end=\"2682\">6. Modificaci\u00f3n de los t\u00e9rminos<\/h3><ul data-start=\"2683\" data-end=\"2823\"><li data-start=\"2683\" data-end=\"2823\"><p data-start=\"2685\" data-end=\"2823\"><strong data-start=\"2685\" data-end=\"2699\">CCCAMOFFER<\/strong> se reserva el derecho de modificar estos t\u00e9rminos en cualquier momento. Las actualizaciones se publicar\u00e1n en esta p\u00e1gina.<\/p><\/li><\/ul><p data-start=\"2825\" data-end=\"2867\">\ud83d\udce7 Para consultas: <a class=\"decorated-link cursor-pointer\" rel=\"noopener\" data-start=\"2844\" data-end=\"2865\">support@cccamoffer.com<\/a><\/p>\t\t\t\t\t\t\t\t<\/div>\n\t\t\t\t<\/div>\n\t\t\t\t\t<\/div>\n\t\t\t\t<\/div>\n\t\t<div class=\"elementor-element elementor-element-4c86b89f e-flex e-con-boxed e-con e-parent\" data-id=\"4c86b89f\" data-element_type=\"container\" data-e-type=\"container\">\n\t\t\t\t\t<div class=\"e-con-inner\">\n\t\t\t\t<div class=\"elementor-element elementor-element-65791f30 elementor-widget elementor-widget-spacer\" data-id=\"65791f30\" data-element_type=\"widget\" data-e-type=\"widget\" data-widget_type=\"spacer.default\">\n\t\t\t\t<div class=\"elementor-widget-container\">\n\t\t\t\t\t\t\t<div class=\"elementor-spacer\">\n\t\t\t<div class=\"elementor-spacer-inner\"><\/div>\n\t\t<\/div>\n\t\t\t\t\t\t<\/div>\n\t\t\t\t<\/div>\n\t\t\t\t<div class=\"elementor-element elementor-element-73bd44e4 elementor-mobile-align-center elementor-button-success elementor-widget elementor-widget-button\" data-id=\"73bd44e4\" data-element_type=\"widget\" data-e-type=\"widget\" data-widget_type=\"button.default\">\n\t\t\t\t<div class=\"elementor-widget-container\">\n\t\t\t\t\t\t\t\t\t<div class=\"elementor-button-wrapper\">\n\t\t\t\t\t<a class=\"elementor-button elementor-button-link elementor-size-sm\" href=\"https:\/\/cccamoffer.com\/shop\/#price\">\n\t\t\t\t\t\t<span class=\"elementor-button-content-wrapper\">\n\t\t\t\t\t\t<span class=\"elementor-button-icon\">\n\t\t\t\t<svg xmlns=\"http:\/\/www.w3.org\/2000\/svg\" id=\"e7693ca5-bf76-42df-999c-dbc3066cda9e\" data-name=\"Layer 1\" width=\"21.3525\" height=\"10.7197\" viewBox=\"0 0 21.3525 10.7197\"><polygon points=\"21 5.229 21.343 4.865 16.165 0 15.479 0.729 19.737 4.729 0 4.729 0 5.729 19.786 5.729 15.47 10.009 16.175 10.72 21.353 5.584 21 5.229\"><\/polygon><\/svg>\t\t\t<\/span>\n\t\t\t\t\t\t\t\t\t<span class=\"elementor-button-text\">Get Started<\/span>\n\t\t\t\t\t<\/span>\n\t\t\t\t\t<\/a>\n\t\t\t\t<\/div>\n\t\t\t\t\t\t\t\t<\/div>\n\t\t\t\t<\/div>\n\t\t\t\t\t<\/div>\n\t\t\t\t<\/div>\n\t\t<div class=\"elementor-element elementor-element-5cf4c69f e-flex e-con-boxed e-con e-parent\" data-id=\"5cf4c69f\" data-element_type=\"container\" data-e-type=\"container\">\n\t\t\t\t\t<div class=\"e-con-inner\">\n\t\t\t\t<div class=\"elementor-element elementor-element-39faf040 elementor-widget elementor-widget-spacer\" data-id=\"39faf040\" data-element_type=\"widget\" data-e-type=\"widget\" data-widget_type=\"spacer.default\">\n\t\t\t\t<div class=\"elementor-widget-container\">\n\t\t\t\t\t\t\t<div class=\"elementor-spacer\">\n\t\t\t<div class=\"elementor-spacer-inner\"><\/div>\n\t\t<\/div>\n\t\t\t\t\t\t<\/div>\n\t\t\t\t<\/div>\n\t\t\t\t\t<\/div>\n\t\t\t\t<\/div>\n\t\t<div class=\"elementor-element elementor-element-38da0058 e-con-full e-flex e-con e-parent\" data-id=\"38da0058\" data-element_type=\"container\" data-e-type=\"container\" data-settings=\"{&quot;background_background&quot;:&quot;classic&quot;}\">\n\t\t\t\t<div class=\"elementor-element elementor-element-4326fb05 elementor-widget__width-auto elementor-widget elementor-widget-heading\" data-id=\"4326fb05\" data-element_type=\"widget\" data-e-type=\"widget\" data-widget_type=\"heading.default\">\n\t\t\t\t<div class=\"elementor-widget-container\">\n\t\t\t\t\t<p class=\"elementor-heading-title elementor-size-default\">BOXIPTV\u00a9 2021 All Rights Reserved.<\/p>\t\t\t\t<\/div>\n\t\t\t\t<\/div>\n\t\t\t\t<div class=\"elementor-element elementor-element-527d423e elementor-nav-menu__align-center elementor-nav-menu--dropdown-tablet elementor-nav-menu__text-align-aside elementor-nav-menu--toggle elementor-nav-menu--burger elementor-widget elementor-widget-nav-menu\" data-id=\"527d423e\" data-element_type=\"widget\" data-e-type=\"widget\" data-settings=\"{&quot;layout&quot;:&quot;horizontal&quot;,&quot;submenu_icon&quot;:{&quot;value&quot;:&quot;&lt;svg aria-hidden=\\&quot;true\\&quot; class=\\&quot;e-font-icon-svg e-fas-caret-down\\&quot; viewBox=\\&quot;0 0 320 512\\&quot; xmlns=\\&quot;http:\\\/\\\/www.w3.org\\\/2000\\\/svg\\&quot;&gt;&lt;path d=\\&quot;M31.3 192h257.3c17.8 0 26.7 21.5 14.1 34.1L174.1 354.8c-7.8 7.8-20.5 7.8-28.3 0L17.2 226.1C4.6 213.5 13.5 192 31.3 192z\\&quot;&gt;&lt;\\\/path&gt;&lt;\\\/svg&gt;&quot;,&quot;library&quot;:&quot;fa-solid&quot;},&quot;toggle&quot;:&quot;burger&quot;}\" data-widget_type=\"nav-menu.default\">\n\t\t\t\t<div class=\"elementor-widget-container\">\n\t\t\t\t\t\t\t\t<nav aria-label=\"Menu\" class=\"elementor-nav-menu--main elementor-nav-menu__container elementor-nav-menu--layout-horizontal e--pointer-underline e--animation-fade\">\n\t\t\t\t<ul id=\"menu-1-527d423e\" class=\"elementor-nav-menu\"><li class=\"menu-item menu-item-type-post_type menu-item-object-page menu-item-home menu-item-14393\"><a href=\"https:\/\/cccamoffer.com\/shop\/\" class=\"elementor-item\">Hogar<\/a><\/li>\n<li class=\"menu-item menu-item-type-post_type menu-item-object-page menu-item-14389\"><a href=\"https:\/\/cccamoffer.com\/shop\/condiciones-de-servicio\/\" class=\"elementor-item\">Condiciones de servicio<\/a><\/li>\n<li class=\"menu-item menu-item-type-post_type menu-item-object-page menu-item-14390\"><a href=\"https:\/\/cccamoffer.com\/shop\/politica-de-devoluciones\/\" class=\"elementor-item\">Pol\u00edtica de devoluciones<\/a><\/li>\n<li class=\"menu-item menu-item-type-post_type menu-item-object-page menu-item-14391\"><a href=\"https:\/\/cccamoffer.com\/shop\/politica-de-privacidad-2\/\" class=\"elementor-item\">Pol\u00edtica de Privacidad<\/a><\/li>\n<li class=\"menu-item menu-item-type-post_type menu-item-object-page menu-item-14392\"><a href=\"https:\/\/cccamoffer.com\/shop\/dmca\/\" class=\"elementor-item\">DMCA<\/a><\/li>\n<\/ul>\t\t\t<\/nav>\n\t\t\t\t\t<div class=\"elementor-menu-toggle\" role=\"button\" tabindex=\"0\" aria-label=\"Menu Toggle\" aria-expanded=\"false\">\n\t\t\t<svg aria-hidden=\"true\" role=\"presentation\" class=\"elementor-menu-toggle__icon--open e-font-icon-svg e-eicon-menu-bar\" viewBox=\"0 0 1000 1000\" xmlns=\"http:\/\/www.w3.org\/2000\/svg\"><path d=\"M104 333H896C929 333 958 304 958 271S929 208 896 208H104C71 208 42 237 42 271S71 333 104 333ZM104 583H896C929 583 958 554 958 521S929 458 896 458H104C71 458 42 487 42 521S71 583 104 583ZM104 833H896C929 833 958 804 958 771S929 708 896 708H104C71 708 42 737 42 771S71 833 104 833Z\"><\/path><\/svg><svg aria-hidden=\"true\" role=\"presentation\" class=\"elementor-menu-toggle__icon--close e-font-icon-svg e-eicon-close\" viewBox=\"0 0 1000 1000\" xmlns=\"http:\/\/www.w3.org\/2000\/svg\"><path d=\"M742 167L500 408 258 167C246 154 233 150 217 150 196 150 179 158 167 167 154 179 150 196 150 212 150 229 154 242 171 254L408 500 167 742C138 771 138 800 167 829 196 858 225 858 254 829L496 587 738 829C750 842 767 846 783 846 800 846 817 842 829 829 842 817 846 804 846 783 846 767 842 750 829 737L588 500 833 258C863 229 863 200 833 171 804 137 775 137 742 167Z\"><\/path><\/svg>\t\t<\/div>\n\t\t\t\t\t<nav class=\"elementor-nav-menu--dropdown elementor-nav-menu__container\" aria-hidden=\"true\">\n\t\t\t\t<ul id=\"menu-2-527d423e\" class=\"elementor-nav-menu\"><li class=\"menu-item menu-item-type-post_type menu-item-object-page menu-item-home menu-item-14393\"><a href=\"https:\/\/cccamoffer.com\/shop\/\" class=\"elementor-item\" tabindex=\"-1\">Hogar<\/a><\/li>\n<li class=\"menu-item menu-item-type-post_type menu-item-object-page menu-item-14389\"><a href=\"https:\/\/cccamoffer.com\/shop\/condiciones-de-servicio\/\" class=\"elementor-item\" tabindex=\"-1\">Condiciones de servicio<\/a><\/li>\n<li class=\"menu-item menu-item-type-post_type menu-item-object-page menu-item-14390\"><a href=\"https:\/\/cccamoffer.com\/shop\/politica-de-devoluciones\/\" class=\"elementor-item\" tabindex=\"-1\">Pol\u00edtica de devoluciones<\/a><\/li>\n<li class=\"menu-item menu-item-type-post_type menu-item-object-page menu-item-14391\"><a href=\"https:\/\/cccamoffer.com\/shop\/politica-de-privacidad-2\/\" class=\"elementor-item\" tabindex=\"-1\">Pol\u00edtica de Privacidad<\/a><\/li>\n<li class=\"menu-item menu-item-type-post_type menu-item-object-page menu-item-14392\"><a href=\"https:\/\/cccamoffer.com\/shop\/dmca\/\" class=\"elementor-item\" tabindex=\"-1\">DMCA<\/a><\/li>\n<\/ul>\t\t\t<\/nav>\n\t\t\t\t\t\t<\/div>\n\t\t\t\t<\/div>\n\t\t\t\t<div class=\"elementor-element elementor-element-53cfdbdb elementor-widget__width-auto elementor-shape-circle elementor-grid-0 e-grid-align-center elementor-widget elementor-widget-social-icons\" data-id=\"53cfdbdb\" data-element_type=\"widget\" data-e-type=\"widget\" data-widget_type=\"social-icons.default\">\n\t\t\t\t<div class=\"elementor-widget-container\">\n\t\t\t\t\t\t\t<div class=\"elementor-social-icons-wrapper elementor-grid\">\n\t\t\t\t\t\t\t<span class=\"elementor-grid-item\">\n\t\t\t\t\t<a class=\"elementor-icon elementor-social-icon elementor-social-icon-whatsapp elementor-animation-float elementor-repeater-item-37a6fde\" href=\"https:\/\/api.whatsapp.com\/send\/?phone=447473364677&#038;text=hello&#038;type=phone_number&#038;app_absent=0\" target=\"_blank\">\n\t\t\t\t\t\t<span class=\"elementor-screen-only\">Whatsapp<\/span>\n\t\t\t\t\t\t<svg aria-hidden=\"true\" class=\"e-font-icon-svg e-fab-whatsapp\" viewBox=\"0 0 448 512\" xmlns=\"http:\/\/www.w3.org\/2000\/svg\"><path d=\"M380.9 97.1C339 55.1 283.2 32 223.9 32c-122.4 0-222 99.6-222 222 0 39.1 10.2 77.3 29.6 111L0 480l117.7-30.9c32.4 17.7 68.9 27 106.1 27h.1c122.3 0 224.1-99.6 224.1-222 0-59.3-25.2-115-67.1-157zm-157 341.6c-33.2 0-65.7-8.9-94-25.7l-6.7-4-69.8 18.3L72 359.2l-4.4-7c-18.5-29.4-28.2-63.3-28.2-98.2 0-101.7 82.8-184.5 184.6-184.5 49.3 0 95.6 19.2 130.4 54.1 34.8 34.9 56.2 81.2 56.1 130.5 0 101.8-84.9 184.6-186.6 184.6zm101.2-138.2c-5.5-2.8-32.8-16.2-37.9-18-5.1-1.9-8.8-2.8-12.5 2.8-3.7 5.6-14.3 18-17.6 21.8-3.2 3.7-6.5 4.2-12 1.4-32.6-16.3-54-29.1-75.5-66-5.7-9.8 5.7-9.1 16.3-30.3 1.8-3.7.9-6.9-.5-9.7-1.4-2.8-12.5-30.1-17.1-41.2-4.5-10.8-9.1-9.3-12.5-9.5-3.2-.2-6.9-.2-10.6-.2-3.7 0-9.7 1.4-14.8 6.9-5.1 5.6-19.4 19-19.4 46.3 0 27.3 19.9 53.7 22.6 57.4 2.8 3.7 39.1 59.7 94.8 83.8 35.2 15.2 49 16.5 66.6 13.9 10.7-1.6 32.8-13.4 37.4-26.4 4.6-13 4.6-24.1 3.2-26.4-1.3-2.5-5-3.9-10.5-6.6z\"><\/path><\/svg>\t\t\t\t\t<\/a>\n\t\t\t\t<\/span>\n\t\t\t\t\t<\/div>\n\t\t\t\t\t\t<\/div>\n\t\t\t\t<\/div>\n\t\t\t\t<\/div>\n\t\t\t\t<\/div>\n\t\t","protected":false},"excerpt":{"rendered":"<p>Condiciones de servicio \ud83d\udcdc T\u00e9rminos de Servicio \u2013 CCCAMOFFER\u00a0 Al utilizar el sitio web de CCCAMOFFER y nuestros servicios de renovaci\u00f3n de suscripciones para dispositivos VIARK SAT y Qviart, aceptas los siguientes t\u00e9rminos: 1. Alcance del servicio Nuestros servicios se limitan exclusivamente a la renovaci\u00f3n de suscripciones, no ofrecemos contenido ni transmisi\u00f3n directa. El cliente [&hellip;]<\/p>\n","protected":false},"author":1,"featured_media":0,"parent":0,"menu_order":0,"comment_status":"closed","ping_status":"closed","template":"","meta":{"footnotes":""},"class_list":["post-14331","page","type-page","status-publish","hentry"],"_links":{"self":[{"href":"https:\/\/cccamoffer.com\/shop\/wp-json\/wp\/v2\/pages\/14331","targetHints":{"allow":["GET"]}}],"collection":[{"href":"https:\/\/cccamoffer.com\/shop\/wp-json\/wp\/v2\/pages"}],"about":[{"href":"https:\/\/cccamoffer.com\/shop\/wp-json\/wp\/v2\/types\/page"}],"author":[{"embeddable":true,"href":"https:\/\/cccamoffer.com\/shop\/wp-json\/wp\/v2\/users\/1"}],"replies":[{"embeddable":true,"href":"https:\/\/cccamoffer.com\/shop\/wp-json\/wp\/v2\/comments?post=14331"}],"version-history":[{"count":16,"href":"https:\/\/cccamoffer.com\/shop\/wp-json\/wp\/v2\/pages\/14331\/revisions"}],"predecessor-version":[{"id":14484,"href":"https:\/\/cccamoffer.com\/shop\/wp-json\/wp\/v2\/pages\/14331\/revisions\/14484"}],"wp:attachment":[{"href":"https:\/\/cccamoffer.com\/shop\/wp-json\/wp\/v2\/media?parent=14331"}],"curies":[{"name":"wp","href":"https:\/\/api.w.org\/{rel}","templated":true}]}}